{"id":73,"date":"2016-04-30T22:17:03","date_gmt":"2016-04-30T22:17:03","guid":{"rendered":"http:\/\/fes.institutguindavols.cat\/?page_id=73"},"modified":"2018-02-17T18:00:19","modified_gmt":"2018-02-17T18:00:19","slug":"mostra-de-spots","status":"publish","type":"page","link":"https:\/\/fes.institutguindavols.cat\/index.php\/mostra-de-spots\/","title":{"rendered":"Spot Festival"},"content":{"rendered":"<p>En aquesta secci\u00f3 teniu una mostra de spots publicitaris fets pels mateixos emprenedors on en format de v\u00eddeo presenten i promocionen el seu nou producte.<\/p>\n<h2><strong>fes! &#8211; EDICI\u00d3 2017<\/strong><\/h2>\n<p><iframe loading=\"lazy\" src=\"https:\/\/www.youtube.com\/embed\/lFK82meUQC4\" width=\"560\" height=\"315\" frameborder=\"0\" allowfullscreen=\"allowfullscreen\"><\/iframe><\/p>\n<p>&nbsp;<\/p>\n","protected":false},"excerpt":{"rendered":"<p>En aquesta secci\u00f3 teniu una mostra de spots publicitaris fets pels mateixos emprenedors on en format de v\u00eddeo presenten i promocionen el seu nou producte. fes! &#8211; EDICI\u00d3 2017 &nbsp;<\/p>\n","protected":false},"author":2,"featured_media":0,"parent":0,"menu_order":0,"comment_status":"closed","ping_status":"closed","template":"","meta":{"ngg_post_thumbnail":0,"footnotes":""},"class_list":["post-73","page","type-page","status-publish","hentry"],"_links":{"self":[{"href":"https:\/\/fes.institutguindavols.cat\/index.php\/wp-json\/wp\/v2\/pages\/73"}],"collection":[{"href":"https:\/\/fes.institutguindavols.cat\/index.php\/wp-json\/wp\/v2\/pages"}],"about":[{"href":"https:\/\/fes.institutguindavols.cat\/index.php\/wp-json\/wp\/v2\/types\/page"}],"author":[{"embeddable":true,"href":"https:\/\/fes.institutguindavols.cat\/index.php\/wp-json\/wp\/v2\/users\/2"}],"replies":[{"embeddable":true,"href":"https:\/\/fes.institutguindavols.cat\/index.php\/wp-json\/wp\/v2\/comments?post=73"}],"version-history":[{"count":5,"href":"https:\/\/fes.institutguindavols.cat\/index.php\/wp-json\/wp\/v2\/pages\/73\/revisions"}],"predecessor-version":[{"id":191,"href":"https:\/\/fes.institutguindavols.cat\/index.php\/wp-json\/wp\/v2\/pages\/73\/revisions\/191"}],"wp:attachment":[{"href":"https:\/\/fes.institutguindavols.cat\/index.php\/wp-json\/wp\/v2\/media?parent=73"}],"curies":[{"name":"wp","href":"https:\/\/api.w.org\/{rel}","templated":true}]}}