{"id":2,"date":"2016-04-14T11:35:09","date_gmt":"2016-04-14T11:35:09","guid":{"rendered":"http:\/\/192.168.0.87\/?page_id=2"},"modified":"2020-03-13T11:09:43","modified_gmt":"2020-03-13T11:09:43","slug":"pagina-exemple","status":"publish","type":"page","link":"https:\/\/fes.institutguindavols.cat\/","title":{"rendered":"Inici"},"content":{"rendered":"\n<h2 class=\"wp-block-heading\"><strong>FES! 2020 &#8211; 16 d&#8217;abril &#8211; MOSTRA D&#8217;EMPRENEDORIA ESCOLAR A F&amp;T<\/strong> <\/h2>\n\n\n\n<p>NOTA INFORMATIVA: A conseq\u00fc\u00e8ncia de les mesures excepcionals per l&#8217;afectaci\u00f3 de la pand\u00e8mia COVID19 es susp\u00e8n l&#8217;activitat<\/p>\n\n\n\n<figure class=\"wp-block-image size-large\"><img loading=\"lazy\" decoding=\"async\" width=\"724\" height=\"1024\" src=\"https:\/\/www.fesemprenedoria.cat\/wp-content\/uploads\/2020\/03\/FES2020centres2-724x1024.jpg\" alt=\"\" class=\"wp-image-830\" srcset=\"https:\/\/fes.institutguindavols.cat\/wp-content\/uploads\/2020\/03\/FES2020centres2-724x1024.jpg 724w, https:\/\/fes.institutguindavols.cat\/wp-content\/uploads\/2020\/03\/FES2020centres2-212x300.jpg 212w, https:\/\/fes.institutguindavols.cat\/wp-content\/uploads\/2020\/03\/FES2020centres2-768x1086.jpg 768w, https:\/\/fes.institutguindavols.cat\/wp-content\/uploads\/2020\/03\/FES2020centres2-1086x1536.jpg 1086w, https:\/\/fes.institutguindavols.cat\/wp-content\/uploads\/2020\/03\/FES2020centres2-1448x2048.jpg 1448w, https:\/\/fes.institutguindavols.cat\/wp-content\/uploads\/2020\/03\/FES2020centres2.jpg 1587w\" sizes=\"(max-width: 724px) 100vw, 724px\" \/><\/figure>\n\n\n\n<div class=\"wp-block-columns has-2-columns is-layout-flex wp-container-core-columns-is-layout-1 wp-block-columns-is-layout-flex\">\n<div class=\"wp-block-column is-layout-flow wp-block-column-is-layout-flow\">\n<p> Benvinguts a la Mostra de l&#8217;Emprenedoria Escolar FES!20, activitat que es programa en el marc de la Fira de Formaci\u00f3 i Treball de Lleida F&amp;T<br><\/p>\n\n\n\n<p>FES! \u00e9s una mostra destinada a visualitzar tots els projectes emprenedors que es generen en l&#8217;\u00e0mbit escolar a l&#8217;Educaci\u00f3 Secund\u00e0ria: ESO, Batxillerat, Cicles Formatius.Els emprenedors d&#8217;aquests ensenyaments han dissenyat i elaborat una idea de negoci basada en el seu propi autoconeixement i la suma de talents i treball en equip. Ara a FES! presenten i defensen p\u00fablicament les seves idees. Algunes de ben segur seran realitat en un futur pr\u00f2xim.<br><\/p>\n\n\n\n<p>Us convidem a visitar-la i a descobrir tots els projectes que des de la creativitat i el talent han preparat els estudiants de Lleida.De ben segur que sortireu sorpresos de la seva capacitat imaginativa i creadora.&nbsp;Si hi voleu participar, en aquest lloc web trobareu tot el necessari per a fer-ho.\n\n<\/p>\n<\/div>\n\n\n\n<div class=\"wp-block-column is-layout-flow wp-block-column-is-layout-flow\">\n<figure class=\"wp-block-image\"><img loading=\"lazy\" decoding=\"async\" width=\"800\" height=\"291\" src=\"https:\/\/www.fesemprenedoria.cat\/wp-content\/uploads\/2016\/04\/DSC_0275.jpg\" alt=\"\" class=\"wp-image-53\" srcset=\"https:\/\/fes.institutguindavols.cat\/wp-content\/uploads\/2016\/04\/DSC_0275.jpg 800w, https:\/\/fes.institutguindavols.cat\/wp-content\/uploads\/2016\/04\/DSC_0275-300x109.jpg 300w, https:\/\/fes.institutguindavols.cat\/wp-content\/uploads\/2016\/04\/DSC_0275-768x279.jpg 768w\" sizes=\"(max-width: 800px) 100vw, 800px\" \/><\/figure>\n<\/div>\n<\/div>\n","protected":false},"excerpt":{"rendered":"<p>FES! 2020 &#8211; 16 d&#8217;abril &#8211; MOSTRA D&#8217;EMPRENEDORIA ESCOLAR A F&amp;T NOTA INFORMATIVA: A conseq\u00fc\u00e8ncia de les mesures excepcionals per l&#8217;afectaci\u00f3 de la pand\u00e8mia COVID19 es susp\u00e8n l&#8217;activitat Benvinguts a la Mostra<a class=\"moretag\" href=\"https:\/\/fes.institutguindavols.cat\/\">Read More&#8230;<\/a><\/p>\n","protected":false},"author":1,"featured_media":0,"parent":0,"menu_order":0,"comment_status":"closed","ping_status":"open","template":"","meta":{"ngg_post_thumbnail":0,"footnotes":""},"class_list":["post-2","page","type-page","status-publish","hentry"],"_links":{"self":[{"href":"https:\/\/fes.institutguindavols.cat\/index.php\/wp-json\/wp\/v2\/pages\/2"}],"collection":[{"href":"https:\/\/fes.institutguindavols.cat\/index.php\/wp-json\/wp\/v2\/pages"}],"about":[{"href":"https:\/\/fes.institutguindavols.cat\/index.php\/wp-json\/wp\/v2\/types\/page"}],"author":[{"embeddable":true,"href":"https:\/\/fes.institutguindavols.cat\/index.php\/wp-json\/wp\/v2\/users\/1"}],"replies":[{"embeddable":true,"href":"https:\/\/fes.institutguindavols.cat\/index.php\/wp-json\/wp\/v2\/comments?post=2"}],"version-history":[{"count":13,"href":"https:\/\/fes.institutguindavols.cat\/index.php\/wp-json\/wp\/v2\/pages\/2\/revisions"}],"predecessor-version":[{"id":833,"href":"https:\/\/fes.institutguindavols.cat\/index.php\/wp-json\/wp\/v2\/pages\/2\/revisions\/833"}],"wp:attachment":[{"href":"https:\/\/fes.institutguindavols.cat\/index.php\/wp-json\/wp\/v2\/media?parent=2"}],"curies":[{"name":"wp","href":"https:\/\/api.w.org\/{rel}","templated":true}]}}