{"id":19,"date":"2016-04-14T12:19:44","date_gmt":"2016-04-14T12:19:44","guid":{"rendered":"http:\/\/192.168.0.87\/?page_id=19"},"modified":"2018-04-12T10:00:11","modified_gmt":"2018-04-12T10:00:11","slug":"elevator-pitch-show","status":"publish","type":"page","link":"https:\/\/fes.institutguindavols.cat\/index.php\/elevator-pitch-show\/","title":{"rendered":"Elevator Pitch"},"content":{"rendered":"<div>\n<div>\n<div>\n<div>\n<div>\n<div><span style=\"font-size: large;\"><b>Qu\u00e8 \u00e9s un ELEVATOR PITCH?<img loading=\"lazy\" decoding=\"async\" class=\"alignright wp-image-270\" src=\"https:\/\/www.fesemprenedoria.cat\/wp-content\/uploads\/2018\/03\/IMG_20170519_104802-e1521742150669.jpg\" alt=\"\" width=\"410\" height=\"547\" srcset=\"https:\/\/fes.institutguindavols.cat\/wp-content\/uploads\/2018\/03\/IMG_20170519_104802-e1521742150669.jpg 3455w, https:\/\/fes.institutguindavols.cat\/wp-content\/uploads\/2018\/03\/IMG_20170519_104802-e1521742150669-225x300.jpg 225w, https:\/\/fes.institutguindavols.cat\/wp-content\/uploads\/2018\/03\/IMG_20170519_104802-e1521742150669-768x1024.jpg 768w\" sizes=\"(max-width: 410px) 100vw, 410px\" \/><\/b><br \/>\n<\/span><\/div>\n<p><span style=\"font-size: large;\">Ho podr\u00edem traduir com el &#8220;discurs de l&#8217;ascensor&#8221; i es tracta de la capacitat d&#8217;un emprenedor de condensar adequadament les idees del seu projecte fins al punt de poder conv\u00e8ncer un possible inversor en el temps d&#8217;un viatge en ascensor.<br \/>\n<\/span><\/p>\n<\/div>\n<p><span style=\"font-size: large;\">En nombroses convencions d&#8217;emprenedors es fan fins i tot concursos.<\/span><\/p>\n<p>&nbsp;<\/p>\n<\/div>\n<p><span style=\"font-size: large;\"><b>Per qu\u00e8 un ELEVATOR PITCH a FES!?<\/b><br \/>\n<\/span><\/p>\n<\/div>\n<p><span style=\"font-size: large;\">Pensem que la capacitat de comunicaci\u00f3 i exposici\u00f3 d&#8217;idees \u00e9s una compet\u00e8ncia que cal fomentar tant per a futurs emprenedors com per al desenvolupament professional. Busquem que l&#8217;alumnat sigui capa\u00e7 de condensar les idees i organitzar un discurs coherent i impactant per tal de defensar un projecte en el que creuen.<br \/>\n<\/span><\/p>\n<p><span style=\"font-size: large;\"><b>ELEVATOR PITCH SHOW<\/b><br \/>\n<\/span><\/p>\n<\/div>\n<\/div>\n<p><span style=\"font-size: large;\">A FES! cada participant ha de ser capa\u00e7 de condensar el projecte en una exposici\u00f3 de 2 minuts sense suport audiovisual. Pot utilitzar qualsevol altre objecte o recurs que reforci la seva exposici\u00f3.<\/span><\/p>\n","protected":false},"excerpt":{"rendered":"<p>Qu\u00e8 \u00e9s un ELEVATOR PITCH? Ho podr\u00edem traduir com el &#8220;discurs de l&#8217;ascensor&#8221; i es tracta de la capacitat d&#8217;un emprenedor de condensar adequadament les idees del seu projecte fins al punt<a class=\"moretag\" href=\"https:\/\/fes.institutguindavols.cat\/index.php\/elevator-pitch-show\/\">Read More&#8230;<\/a><\/p>\n","protected":false},"author":1,"featured_media":0,"parent":0,"menu_order":0,"comment_status":"closed","ping_status":"closed","template":"","meta":{"ngg_post_thumbnail":0,"footnotes":""},"class_list":["post-19","page","type-page","status-publish","hentry"],"_links":{"self":[{"href":"https:\/\/fes.institutguindavols.cat\/index.php\/wp-json\/wp\/v2\/pages\/19"}],"collection":[{"href":"https:\/\/fes.institutguindavols.cat\/index.php\/wp-json\/wp\/v2\/pages"}],"about":[{"href":"https:\/\/fes.institutguindavols.cat\/index.php\/wp-json\/wp\/v2\/types\/page"}],"author":[{"embeddable":true,"href":"https:\/\/fes.institutguindavols.cat\/index.php\/wp-json\/wp\/v2\/users\/1"}],"replies":[{"embeddable":true,"href":"https:\/\/fes.institutguindavols.cat\/index.php\/wp-json\/wp\/v2\/comments?post=19"}],"version-history":[{"count":10,"href":"https:\/\/fes.institutguindavols.cat\/index.php\/wp-json\/wp\/v2\/pages\/19\/revisions"}],"predecessor-version":[{"id":314,"href":"https:\/\/fes.institutguindavols.cat\/index.php\/wp-json\/wp\/v2\/pages\/19\/revisions\/314"}],"wp:attachment":[{"href":"https:\/\/fes.institutguindavols.cat\/index.php\/wp-json\/wp\/v2\/media?parent=19"}],"curies":[{"name":"wp","href":"https:\/\/api.w.org\/{rel}","templated":true}]}}